{"id":143,"date":"2016-06-20T07:48:11","date_gmt":"2016-06-20T07:48:11","guid":{"rendered":"http:\/\/sw-themes.com\/porto_dummy\/?page_id=143"},"modified":"2017-05-11T15:31:20","modified_gmt":"2017-05-11T12:31:20","slug":"home","status":"publish","type":"page","link":"http:\/\/mkconsulting.com.tr\/eng\/","title":{"rendered":"Home Page"},"content":{"rendered":"<p>[vc_row disable_element=&#8221;yes&#8221; wrap_container=&#8221;yes&#8221; el_class=&#8221;p-t-xxl&#8221; css=&#8221;.vc_custom_1490338537213{background-color: #f6f6f6 !important;}&#8221;][vc_column][vc_custom_heading text=&#8221;<strong>MK M\u00fc\u015favirlik<\/strong>&#8221; font_container=&#8221;tag:h2|text_align:center&#8221; use_theme_fonts=&#8221;yes&#8221;][vc_column_text el_class=&#8221;featured lead&#8221;]<\/p>\n<p style=\"text-align: center;\">MK M\u00fc\u015favirlik \u015firketlere, bireysel yat\u0131r\u0131mc\u0131lara ve kamu kurumlar\u0131na, h\u0131zla de\u011fi\u015fen ekonomik konjonkt\u00fcrde, konumlar\u0131n\u0131 g\u00f6zden ge\u00e7irme, yeniden yap\u0131lanma ve yat\u0131r\u0131m kararlar\u0131nda yard\u0131mc\u0131 olmay\u0131 ama\u00e7lamaktad\u0131r.<\/p>\n<p>[\/vc_column_text][vc_empty_space height=&#8221;50px&#8221;][\/vc_column][\/vc_row][vc_row disable_element=&#8221;yes&#8221; wrap_container=&#8221;yes&#8221; el_class=&#8221;p-t-xxl&#8221; css=&#8221;.vc_custom_1490338525427{background-color: #ffffff !important;}&#8221;][vc_column][vc_custom_heading text=&#8221;<strong>Hizmetlerimiz<strong>&#8221; font_container=&#8221;tag:h2|text_align:center&#8221; use_theme_fonts=&#8221;yes&#8221;][vc_row_inner][vc_column_inner width=&#8221;1\/2&#8243;][vc_cta h2=&#8221;\u015eirket Birle\u015fmeleri ve Devralma&#8221; color=&#8221;black&#8221; add_button=&#8221;bottom&#8221; btn_title=&#8221;Devam\u0131&#8230;&#8221; btn_color=&#8221;black&#8221; css=&#8221;.vc_custom_1484819341191{background-color: #ffffff !important;}&#8221; btn_link=&#8221;url:http%3A%2F%2Fdigitalmarka.com%2Fmk%2Fsirket-birlesmeleri-ve-devralma%2F|||&#8221;]<img loading=\"lazy\" class=\"alignleft wp-image-771\" src=\"http:\/\/mkconsulting.com.tr\/eng\/wp-content\/uploads\/2016\/06\/devralma.png\" width=\"100\" height=\"105\" \/>MK M\u00fc\u015favirlik \u015eirket Birle\u015fme\/Devralma, halka arz\u00a0 ve \u00f6zelle\u015ftirme, \u015firketlerin yeni pazarlara a\u00e7\u0131lmas\u0131 konular\u0131 ile s\u00fcre\u00e7leri y\u00f6netme konusunda\u00a0 ulusal ve uluslararas\u0131 deneyime sahiptir.[\/vc_cta][\/vc_column_inner][vc_column_inner width=&#8221;1\/2&#8243;][vc_cta h2=&#8221;Y\u00f6netim Dan\u0131\u015fmanl\u0131\u011f\u0131&#8221; color=&#8221;black&#8221; add_button=&#8221;bottom&#8221; btn_title=&#8221;Devam\u0131&#8230;&#8221; btn_color=&#8221;black&#8221; css=&#8221;.vc_custom_1484819360211{background-color: #ffffff !important;}&#8221; btn_link=&#8221;url:http%3A%2F%2Fdigitalmarka.com%2Fmk%2Fyonetim-danismanligi%2F|||&#8221;]<img loading=\"lazy\" class=\"alignleft wp-image-774\" src=\"http:\/\/mkconsulting.com.tr\/eng\/wp-content\/uploads\/2016\/06\/yonetim-danismanligi.png\" width=\"125\" height=\"99\" \/>\u015eirketlerin b\u00fcnyesindeki payda\u015flar\u0131n ve i\u015f ve \u00e7\u00f6z\u00fcm ortaklar\u0131n\u0131n hak, sorumluluk ve yetki alanlar\u0131n\u0131 belirlemek suretiyle \u015firket beklentileri i\u00e7erisinde yeniden tasarlanmas\u0131 alan\u0131nda dan\u0131\u015fmanl\u0131k hizmeti sunar.[\/vc_cta][\/vc_column_inner][\/vc_row_inner][vc_row_inner][vc_column_inner width=&#8221;1\/2&#8243;][vc_cta h2=&#8221;\u00d6zelle\u015ftirme&#8221; color=&#8221;black&#8221; add_button=&#8221;bottom&#8221; btn_title=&#8221;Devam\u0131&#8230;&#8221; btn_color=&#8221;black&#8221; css=&#8221;.vc_custom_1484819392757{background-color: #ffffff !important;}&#8221; btn_link=&#8221;url:http%3A%2F%2Fdigitalmarka.com%2Fmk%2Fozellestirme%2F|||&#8221;]<img loading=\"lazy\" class=\"alignleft wp-image-773\" src=\"http:\/\/mkconsulting.com.tr\/eng\/wp-content\/uploads\/2016\/06\/ozelle\u015ftirme.png\" width=\"100\" height=\"95\" \/>MK M\u00fc\u015favirlik ulusal ve uluslararas\u0131 \u00f6zelle\u015ftirme ihalelerine ilgi duyan yat\u0131r\u0131mc\u0131lara, yat\u0131r\u0131m dan\u0131\u015fmanlar\u0131na ve yat\u0131r\u0131m bankalar\u0131na s\u00fcre\u00e7 y\u00f6netimi konusunda dan\u0131\u015fmanl\u0131k hizmeti sunar.[\/vc_cta][\/vc_column_inner][vc_column_inner width=&#8221;1\/2&#8243;][vc_cta h2=&#8221;D\u00fczenleme&#8221; color=&#8221;black&#8221; add_button=&#8221;bottom&#8221; btn_title=&#8221;Devam\u0131&#8230;&#8221; btn_color=&#8221;black&#8221; css=&#8221;.vc_custom_1484819409235{background-color: #ffffff !important;}&#8221; btn_link=&#8221;url:http%3A%2F%2Fdigitalmarka.com%2Fmk%2Fduzenleme%2F|||&#8221;]<img loading=\"lazy\" class=\"alignleft wp-image-772\" src=\"http:\/\/mkconsulting.com.tr\/eng\/wp-content\/uploads\/2016\/06\/d\u00fczenleme.png\" width=\"100\" height=\"102\" srcset=\"http:\/\/mkconsulting.com.tr\/eng\/wp-content\/uploads\/2016\/06\/d\u00fczenleme.png 201w, http:\/\/mkconsulting.com.tr\/eng\/wp-content\/uploads\/2016\/06\/d\u00fczenleme-50x50.png 50w\" sizes=\"(max-width: 100px) 100vw, 100px\" \/>\u015eirketimiz, sekt\u00f6r\u00fcn\u00fcn t\u00fcm alanlar\u0131nda, ula\u015ft\u0131rma, ila\u00e7, tar\u0131m, bankac\u0131l\u0131k ve finans gibi t\u00fcm sekt\u00f6rlerde de d\u00fczenleyici i\u015flemler ile ilgili her t\u00fcrl\u00fc dan\u0131\u015fmanl\u0131k hizmetini temin etmektedir.[\/vc_cta][\/vc_column_inner][\/vc_row_inner][\/vc_column][\/vc_row][vc_row el_class=&#8221;p-t-xxl&#8221; css=&#8221;.vc_custom_1484819588633{background-color: #ffffff !important;}&#8221;][vc_column]<div class=\"porto-concept wpb_content_element \">\r\r\n<div class=\"container\">\r\r\r\n    <div class=\"row center\">\r\r\r\n        <span class=\"sun\"><\/span>\r\r\r\n        <span class=\"cloud\"><\/span>\r\r\r\n        <div class=\"col-md-2 col-md-offset-1\">\r\r\r\n            <div class=\"process-image\" data-appear-animation=\"bounceIn\">\r\r\r\n                <a href=\"#\">\r\r\n                    <img src=\"\/\/mkconsulting.com.tr\/eng\/wp-content\/uploads\/2016\/06\/strateji.jpg\" alt=\"\" \/>\r\r\r\n                <\/a>\r\r\n                <strong>Strategy<\/strong>\r\r\n            <\/div>\r\r\r\n        <\/div>\r\r\r\n        <div class=\"col-md-2\">\r\r\r\n            <div class=\"process-image\" data-appear-animation=\"bounceIn\" data-appear-animation-delay=\"200\">\r\r\r\n                <a href=\"#\">\r\r\n                    <img src=\"\/\/mkconsulting.com.tr\/eng\/wp-content\/uploads\/2016\/06\/planlama.jpg\" alt=\"\" \/>\r\r\r\n                <\/a>\r\r\n                <strong>Planning<\/strong>\r\r\n            <\/div>\r\r\r\n        <\/div>\r\r\r\n        <div class=\"col-md-2\">\r\r\r\n            <div class=\"process-image\" data-appear-animation=\"bounceIn\" data-appear-animation-delay=\"400\">\r\r\r\n                <a href=\"#\">\r\r\n                    <img src=\"\/\/mkconsulting.com.tr\/eng\/wp-content\/uploads\/2016\/06\/yurutme.jpg\" alt=\"\" \/>\r\r\r\n                <\/a>\r\r\n                <strong>Execution<\/strong>\r\r\n            <\/div>\r\r\r\n        <\/div>\r\r\r\n        <div class=\"col-md-4 col-md-offset-1\">\r\r\r\n            <div class=\"project-image\">\r\r\r\n                <div class=\"concept-slideshow fc-slideshow\">\r\r\r\n                    <ul class=\"fc-slides\">\r\r\r\n                        \r\r\n                            <li>\r\r\r\n                                <a href=\"#\">\r\r\n                                    <img class=\"img-responsive\" src=\"\/\/mkconsulting.com.tr\/eng\/wp-content\/uploads\/2016\/06\/kapanis.jpg\" alt=\"\" \/>\r\r\r\n                                <\/a>\r\r\n                            <\/li>\r\r\r\n                        \r\r\n                        \r\r\n                        \r\r\n                    <\/ul>\r\r\r\n                <\/div>\r\r\r\n                <strong class=\"our-work\">Operation Confienement<\/strong>\r\r\n            <\/div>\r\r\r\n        <\/div>\r\r\r\n    <\/div>\r\r\r\n<\/div>\r\r\r\n\r\r\r\n<script type=\"text\/javascript\">\r\r\r\n    (function($) {\r\r\r\n\r\r\r\n        'use strict';\r\r\r\n\r\r\r\n        \/*\r\r\r\n         Circle Slider\r\r\r\n         *\/\r\r\r\n        if ($.isFunction($.fn.flipshow)) {\r\r\r\n            var circleContainer = $('.concept-slideshow');\r\r\r\n\r\r\r\n            if (circleContainer.get(0)) {\r\r\r\n                circleContainer.flipshow();\r\r\r\n\r\r\r\n                setTimeout(function circleFlip() {\r\r\r\n                    circleContainer.data().flipshow._navigate(circleContainer.find('div.fc-right span:first'), 'right');\r\r\r\n                    setTimeout(circleFlip, 3000);\r\r\r\n                }, 3000);\r\r\r\n            }\r\r\r\n        }\r\r\r\n\r\r\r\n        \/*\r\r\r\n         Move Cloud\r\r\r\n         *\/\r\r\r\n        if ($('.cloud').get(0)) {\r\r\r\n            var moveCloud = function() {\r\r\r\n                $('.cloud').animate({\r\r\r\n                    'top': '+=20px'\r\r\r\n                }, 3000, 'linear', function() {\r\r\r\n                    $('.cloud').animate({\r\r\r\n                        'top': '-=20px'\r\r\r\n                    }, 3000, 'linear', function() {\r\r\r\n                        moveCloud();\r\r\r\n                    });\r\r\r\n                });\r\r\r\n            };\r\r\r\n\r\r\r\n            moveCloud();\r\r\r\n        }\r\r\r\n\r\r\r\n    }).apply(this, [jQuery]);\r\r\r\n<\/script>\r\r\r\n<\/div>[\/vc_column][\/vc_row][vc_row disable_element=&#8221;yes&#8221; wrap_container=&#8221;yes&#8221; el_class=&#8221;p-t-xxl&#8221; css=&#8221;.vc_custom_1490445352435{background-color: #ffffff !important;}&#8221;][vc_column][vc_custom_heading text=&#8221;<strong>Makaleler<strong>&#8221; font_container=&#8221;tag:h2|text_align:center&#8221; use_theme_fonts=&#8221;yes&#8221;]<div class=\"porto-recent-posts wpb_content_element \">\r\r\n    <div class=\"row\">\r\r\r\n        <div class=\"post-carousel porto-carousel owl-carousel\" data-plugin-options=\"{&quot;themeConfig&quot;:true,&quot;lg&quot;:3,&quot;md&quot;:3,&quot;sm&quot;:2}\">\r\r\r\n            <div class=\"post-slide\"><div class=\"post-item\">\n    <a href=\"http:\/\/mkconsulting.com.tr\/eng\/kitlerin-yapilarina-iliskin-kisa-bir-degerlendirme\/\"> <span class=\"post-image thumb-info thumb-info-hide-wrapper-bg m-b-md\"> <span class=\"thumb-info-wrapper\"> <img class=\"img-responsive\" width=\"450\" height=\"231\" src=\"http:\/\/mkconsulting.com.tr\/eng\/wp-content\/uploads\/2011\/08\/kit-450x231.jpg\" alt=\"\" \/>\n    <span class=\"zoom\" data-src=\"http:\/\/mkconsulting.com.tr\/eng\/wp-content\/uploads\/2011\/08\/kit.jpg\" data-title=\"\"><i class=\"fa fa-search\"><\/i><\/span>\n    <\/span> <\/span> <\/a>\n    <div class=\"post-date\">\n        <span class=\"day\">12<\/span>\n    <span class=\"month\">Aug<\/span>\n      <\/div>\n    <h4><a href=\"http:\/\/mkconsulting.com.tr\/eng\/kitlerin-yapilarina-iliskin-kisa-bir-degerlendirme\/\">\n    Kit\u2019lerin Yap\u0131lar\u0131na \u0130li\u015fkin K\u0131sa Bir De\u011ferlendirme    <\/a><\/h4>\n    <p class=\"post-excerpt\">Mevcut mevzuat \u00e7er\u00e7evesinde Kamu...  <a class=\"read-more\" href=\"http:\/\/mkconsulting.com.tr\/eng\/kitlerin-yapilarina-iliskin-kisa-bir-degerlendirme\/\">read more <i class=\"fa fa-angle-right\"><\/i><\/a><\/p> <\/div>\n<\/div><div class=\"post-slide\"><div class=\"post-item\">\n    <a href=\"http:\/\/mkconsulting.com.tr\/eng\/kayseri-denince\/\"> <span class=\"post-image thumb-info thumb-info-hide-wrapper-bg m-b-md\"> <span class=\"thumb-info-wrapper\"> <img class=\"img-responsive\" width=\"450\" height=\"231\" src=\"http:\/\/mkconsulting.com.tr\/eng\/wp-content\/uploads\/2008\/05\/erciyes-450x231.jpg\" alt=\"\" \/>\n    <span class=\"zoom\" data-src=\"http:\/\/mkconsulting.com.tr\/eng\/wp-content\/uploads\/2008\/05\/erciyes.jpg\" data-title=\"\"><i class=\"fa fa-search\"><\/i><\/span>\n    <\/span> <\/span> <\/a>\n    <div class=\"post-date\">\n        <span class=\"day\">06<\/span>\n    <span class=\"month\">May<\/span>\n      <\/div>\n    <h4><a href=\"http:\/\/mkconsulting.com.tr\/eng\/kayseri-denince\/\">\n    Kayseri Denince    <\/a><\/h4>\n    <p class=\"post-excerpt\">Kayseri denilince akl\u0131ma ilk...  <a class=\"read-more\" href=\"http:\/\/mkconsulting.com.tr\/eng\/kayseri-denince\/\">read more <i class=\"fa fa-angle-right\"><\/i><\/a><\/p> <\/div>\n<\/div><div class=\"post-slide\"><div class=\"post-item\">\n    <a href=\"http:\/\/mkconsulting.com.tr\/eng\/ozellestirmenin-butce-uzerindeki-etkisi\/\"> <span class=\"post-image thumb-info thumb-info-hide-wrapper-bg m-b-md\"> <span class=\"thumb-info-wrapper\"> <img class=\"img-responsive\" width=\"450\" height=\"231\" src=\"http:\/\/mkconsulting.com.tr\/eng\/wp-content\/uploads\/2006\/02\/butce-uzerinde-450x231.jpg\" alt=\"\" \/>\n    <span class=\"zoom\" data-src=\"http:\/\/mkconsulting.com.tr\/eng\/wp-content\/uploads\/2006\/02\/butce-uzerinde.jpg\" data-title=\"\"><i class=\"fa fa-search\"><\/i><\/span>\n    <\/span> <\/span> <\/a>\n    <div class=\"post-date\">\n        <span class=\"day\">24<\/span>\n    <span class=\"month\">Feb<\/span>\n      <\/div>\n    <h4><a href=\"http:\/\/mkconsulting.com.tr\/eng\/ozellestirmenin-butce-uzerindeki-etkisi\/\">\n    \u00d6zelle\u015ftirmenin B\u00fct\u00e7e \u00dczerindeki Etkisi    <\/a><\/h4>\n    <p class=\"post-excerpt\">Bu \u00e7al\u0131\u015fma, \u00f6zelle\u015ftirmenin, \u00f6zellikle...  <a class=\"read-more\" href=\"http:\/\/mkconsulting.com.tr\/eng\/ozellestirmenin-butce-uzerindeki-etkisi\/\">read more <i class=\"fa fa-angle-right\"><\/i><\/a><\/p> <\/div>\n<\/div><div class=\"post-slide\"><div class=\"post-item\">\n    <a href=\"http:\/\/mkconsulting.com.tr\/eng\/ozellestirmenin-makroekonomik-etkisi\/\"> <span class=\"post-image thumb-info thumb-info-hide-wrapper-bg m-b-md\"> <span class=\"thumb-info-wrapper\"> <img class=\"img-responsive\" width=\"450\" height=\"231\" src=\"http:\/\/mkconsulting.com.tr\/eng\/wp-content\/uploads\/2006\/02\/ozellestirme-450x231.jpg\" alt=\"\" \/>\n    <span class=\"zoom\" data-src=\"http:\/\/mkconsulting.com.tr\/eng\/wp-content\/uploads\/2006\/02\/ozellestirme.jpg\" data-title=\"\"><i class=\"fa fa-search\"><\/i><\/span>\n    <\/span> <\/span> <\/a>\n    <div class=\"post-date\">\n        <span class=\"day\">15<\/span>\n    <span class=\"month\">Mar<\/span>\n      <\/div>\n    <h4><a href=\"http:\/\/mkconsulting.com.tr\/eng\/ozellestirmenin-makroekonomik-etkisi\/\">\n    \u00d6zelle\u015ftirmenin Makroekonomik Etkisi    <\/a><\/h4>\n    <p class=\"post-excerpt\">I. Giri\u015f\n\u00d6zelle\u015ftirmenin b\u00fct\u00e7e deli\u011fini...  <a class=\"read-more\" href=\"http:\/\/mkconsulting.com.tr\/eng\/ozellestirmenin-makroekonomik-etkisi\/\">read more <i class=\"fa fa-angle-right\"><\/i><\/a><\/p> <\/div>\n<\/div><div class=\"post-slide\"><div class=\"post-item\">\n    <a href=\"http:\/\/mkconsulting.com.tr\/eng\/burokratik-yalanlar\/\"> <span class=\"post-image thumb-info thumb-info-hide-wrapper-bg m-b-md\"> <span class=\"thumb-info-wrapper\"> <img class=\"img-responsive\" width=\"450\" height=\"231\" src=\"http:\/\/mkconsulting.com.tr\/eng\/wp-content\/uploads\/1998\/11\/yalanlar-450x231.png\" alt=\"\" \/>\n    <span class=\"zoom\" data-src=\"http:\/\/mkconsulting.com.tr\/eng\/wp-content\/uploads\/1998\/11\/yalanlar.png\" data-title=\"\"><i class=\"fa fa-search\"><\/i><\/span>\n    <\/span> <\/span> <\/a>\n    <div class=\"post-date\">\n        <span class=\"day\">06<\/span>\n    <span class=\"month\">Nov<\/span>\n      <\/div>\n    <h4><a href=\"http:\/\/mkconsulting.com.tr\/eng\/burokratik-yalanlar\/\">\n    B\u00fcrokratik Yalanlar    <\/a><\/h4>\n    <p class=\"post-excerpt\">Y\u00f6netim alan\u0131nda \u00f6zellikle kamu...  <a class=\"read-more\" href=\"http:\/\/mkconsulting.com.tr\/eng\/burokratik-yalanlar\/\">read more <i class=\"fa fa-angle-right\"><\/i><\/a><\/p> <\/div>\n<\/div>\r\r\n        <\/div>\r\r\r\n    <\/div>\r\r\r\n    <\/div>[\/vc_column][\/vc_row][vc_row][vc_column][vc_column_text]<\/strong><\/strong><\/strong><\/strong>[\/vc_column_text][\/vc_column][\/vc_row]<\/p>\n","protected":false},"excerpt":{"rendered":"<p>[vc_row disable_element=&#8221;yes&#8221; wrap_container=&#8221;yes&#8221; el_class=&#8221;p-t-xxl&#8221; css=&#8221;.vc_custom_1490338537213{background-color: #f6f6f6 !important;}&#8221;][vc_column][vc_custom_heading text=&#8221;MK M\u00fc\u015favirlik&#8221; font_container=&#8221;tag:h2|text_align:center&#8221; use_theme_fonts=&#8221;yes&#8221;][vc_column_text el_class=&#8221;featured lead&#8221;] MK M\u00fc\u015favirlik \u015firketlere, bireysel yat\u0131r\u0131mc\u0131lara ve kamu kurumlar\u0131na, h\u0131zla de\u011fi\u015fen ekonomik konjonkt\u00fcrde, konumlar\u0131n\u0131 g\u00f6zden ge\u00e7irme, yeniden yap\u0131lanma ve yat\u0131r\u0131m kararlar\u0131nda yard\u0131mc\u0131 olmay\u0131 ama\u00e7lamaktad\u0131r. [\/vc_column_text][vc_empty_space height=&#8221;50px&#8221;][\/vc_column][\/vc_row][vc_row disable_element=&#8221;yes&#8221; wrap_container=&#8221;yes&#8221; el_class=&#8221;p-t-xxl&#8221; css=&#8221;.vc_custom_1490338525427{background-color: #ffffff !important;}&#8221;][vc_column][vc_custom_heading text=&#8221;Hizmetlerimiz&#8221; font_container=&#8221;tag:h2|text_align:center&#8221; use_theme_fonts=&#8221;yes&#8221;][vc_row_inner][vc_column_inner width=&#8221;1\/2&#8243;][vc_cta h2=&#8221;\u015eirket Birle\u015fmeleri ve Devralma&#8221; color=&#8221;black&#8221; add_button=&#8221;bottom&#8221; btn_title=&#8221;Devam\u0131&#8230;&#8221; [&hellip;]<\/p>\n","protected":false},"author":1,"featured_media":0,"parent":0,"menu_order":0,"comment_status":"closed","ping_status":"closed","template":"","meta":[],"_links":{"self":[{"href":"http:\/\/mkconsulting.com.tr\/eng\/wp-json\/wp\/v2\/pages\/143"}],"collection":[{"href":"http:\/\/mkconsulting.com.tr\/eng\/wp-json\/wp\/v2\/pages"}],"about":[{"href":"http:\/\/mkconsulting.com.tr\/eng\/wp-json\/wp\/v2\/types\/page"}],"author":[{"embeddable":true,"href":"http:\/\/mkconsulting.com.tr\/eng\/wp-json\/wp\/v2\/users\/1"}],"replies":[{"embeddable":true,"href":"http:\/\/mkconsulting.com.tr\/eng\/wp-json\/wp\/v2\/comments?post=143"}],"version-history":[{"count":96,"href":"http:\/\/mkconsulting.com.tr\/eng\/wp-json\/wp\/v2\/pages\/143\/revisions"}],"predecessor-version":[{"id":1123,"href":"http:\/\/mkconsulting.com.tr\/eng\/wp-json\/wp\/v2\/pages\/143\/revisions\/1123"}],"wp:attachment":[{"href":"http:\/\/mkconsulting.com.tr\/eng\/wp-json\/wp\/v2\/media?parent=143"}],"curies":[{"name":"wp","href":"https:\/\/api.w.org\/{rel}","templated":true}]}}