{"id":672,"date":"2017-01-09T09:17:43","date_gmt":"2017-01-09T07:17:43","guid":{"rendered":"http:\/\/mkconsulting.com.tr\/eng\/?page_id=672"},"modified":"2017-06-11T02:38:11","modified_gmt":"2017-06-10T23:38:11","slug":"video_gallery","status":"publish","type":"page","link":"http:\/\/mkconsulting.com.tr\/eng\/video_gallery\/","title":{"rendered":"Video Gallery"},"content":{"rendered":"<p>[vc_row][vc_column][vc_row_inner][vc_column_inner width=&#8221;1\/2&#8243;][vc_custom_heading text=&#8221;1) TRT-2 G\u00fcn\u00fcn Konusu Program\u0131 (04.01.2008)&#8221; font_container=&#8221;tag:h4|text_align:left&#8221;][vc_video link=&#8221;https:\/\/www.youtube.com\/embed\/E6Q6puDA3E4&#8243; el_width=&#8221;50&#8243;][\/vc_column_inner][vc_column_inner width=&#8221;1\/2&#8243;][vc_custom_heading text=&#8221;2) TRT-2 G\u00fcn\u00fcn Konusu Program\u0131 (04.01.2008)&#8221; font_container=&#8221;tag:h4|text_align:left&#8221;][vc_video link=&#8221;https:\/\/www.youtube.com\/embed\/E6Q6puDA3E4&#8243; el_width=&#8221;50&#8243;][\/vc_column_inner][\/vc_row_inner][\/vc_column][\/vc_row]<\/p>\n","protected":false},"excerpt":{"rendered":"<p>[vc_row][vc_column][vc_row_inner][vc_column_inner width=&#8221;1\/2&#8243;][vc_custom_heading text=&#8221;1) TRT-2 G\u00fcn\u00fcn Konusu Program\u0131 (04.01.2008)&#8221; font_container=&#8221;tag:h4|text_align:left&#8221;][vc_video link=&#8221;https:\/\/www.youtube.com\/embed\/E6Q6puDA3E4&#8243; el_width=&#8221;50&#8243;][\/vc_column_inner][vc_column_inner width=&#8221;1\/2&#8243;][vc_custom_heading text=&#8221;2) TRT-2 G\u00fcn\u00fcn Konusu Program\u0131 (04.01.2008)&#8221; font_container=&#8221;tag:h4|text_align:left&#8221;][vc_video link=&#8221;https:\/\/www.youtube.com\/embed\/E6Q6puDA3E4&#8243; el_width=&#8221;50&#8243;][\/vc_column_inner][\/vc_row_inner][\/vc_column][\/vc_row]<\/p>\n","protected":false},"author":1,"featured_media":0,"parent":0,"menu_order":0,"comment_status":"closed","ping_status":"closed","template":"","meta":[],"_links":{"self":[{"href":"http:\/\/mkconsulting.com.tr\/eng\/wp-json\/wp\/v2\/pages\/672"}],"collection":[{"href":"http:\/\/mkconsulting.com.tr\/eng\/wp-json\/wp\/v2\/pages"}],"about":[{"href":"http:\/\/mkconsulting.com.tr\/eng\/wp-json\/wp\/v2\/types\/page"}],"author":[{"embeddable":true,"href":"http:\/\/mkconsulting.com.tr\/eng\/wp-json\/wp\/v2\/users\/1"}],"replies":[{"embeddable":true,"href":"http:\/\/mkconsulting.com.tr\/eng\/wp-json\/wp\/v2\/comments?post=672"}],"version-history":[{"count":11,"href":"http:\/\/mkconsulting.com.tr\/eng\/wp-json\/wp\/v2\/pages\/672\/revisions"}],"predecessor-version":[{"id":1140,"href":"http:\/\/mkconsulting.com.tr\/eng\/wp-json\/wp\/v2\/pages\/672\/revisions\/1140"}],"wp:attachment":[{"href":"http:\/\/mkconsulting.com.tr\/eng\/wp-json\/wp\/v2\/media?parent=672"}],"curies":[{"name":"wp","href":"https:\/\/api.w.org\/{rel}","templated":true}]}}